{"id":3170,"date":"2021-10-20T10:54:24","date_gmt":"2021-10-20T08:54:24","guid":{"rendered":"https:\/\/villa-edl.com\/?page_id=3170"},"modified":"2021-10-20T11:16:38","modified_gmt":"2021-10-20T09:16:38","slug":"datenschutz","status":"publish","type":"page","link":"https:\/\/villa-edl.com\/de\/datenschutz\/","title":{"rendered":"Datenschutzerkl\u00e4rung"},"content":{"rendered":"<p>[vc_row][vc_column][cms_space space_lg=&#8221;45&#8243; space_md=&#8221;45&#8243; space_sm=&#8221;20&#8243; space_xs=&#8221;20&#8243;][vc_column_text]Der Schutz der Privatsph\u00e4re unserer Besucher ist eine unserer Priorit\u00e4ten. Wir laden Sie daher ein, die unten angegebene Datenschutzerkl\u00e4rung zu lesen.<\/p>\n<p>Welche Daten werden erhoben?<\/p>\n<p>&nbsp;<\/p>\n<p><strong>Durchsuchen von Daten<\/strong><\/p>\n<p>Bei der Nutzung \u00fcbernehmen Informations- und Kommunikationssysteme sowie Softwareverfahren zur Verwaltung der Website einige personenbezogene Daten, deren \u00dcbermittlung die Grundlage f\u00fcr die Nutzung der Internet-Kommunikationsprotokolle ist.<\/p>\n<p>Dies sind Daten, die nicht bestimmten Personen zuzuordnen sind, aber ihrer Natur nach durch Verarbeitung und Verkn\u00fcpfung mit Daten Dritter eine Identifizierung des Nutzers oder Informationen \u00fcber ihn erm\u00f6glichen k\u00f6nnten.<\/p>\n<p>Diese Datenkategorie umfasst die IP-Adresse oder den Dom\u00e4nennamen des Computers, der von den Benutzern verwendet wird, die sich mit der Website verbinden, die URIs der angeforderten Ressourcen, den Zeitpunkt der Anfrage, die Methode, mit der die Anfrage an den Server gesendet wurde, die Gr\u00f6\u00dfe der Antwortdatei, den numerischen Code, der den Antwortstatus des Servers angibt (erfolgreich, Fehler usw.) und andere Parameter in Bezug auf das Betriebssystem und die Benutzer.<\/p>\n<p>Die angegebenen Daten werden nur verwendet, um anonyme statistische Datens\u00e4tze auf der Website zu erhalten und die korrekte Funktion zu \u00fcberpr\u00fcfen und werden nach der Verarbeitung sofort gel\u00f6scht.<\/p>\n<p>&nbsp;<\/p>\n<p><strong>Kekse<\/strong><\/p>\n<p>Cookies sind Textdateien, die sich auf Ihrem Computer befinden, um Standard-Internetinformationen und Informationen zum Besucherverhalten zu sammeln.<\/p>\n<p>Diese Informationen werden verwendet, um die Website-Nutzung zu \u00fcberwachen und statistische Berichte \u00fcber die Website-Aktivit\u00e4ten zu erstellen. Sie k\u00f6nnen Ihre Browsereinstellungen so anpassen, dass Sie keine Cookies speichern. In bestimmten F\u00e4llen erfordern einige Funktionen unserer Website jedoch Cookies und funktionieren m\u00f6glicherweise nicht, wenn Sie diese nicht akzeptieren.<\/p>\n<p>&nbsp;<\/p>\n<p><strong>Welche Informationen sammeln wir \u00fcber Sie?<\/strong><\/p>\n<p>Villa Edl Elegant kann die folgenden Informationen \u00fcber Sie sammeln:<\/p>\n<ul>\n<li>Kontaktdaten: Name, Titel, Adresse, Kontaktnummer, E-Mail-Adresse, Faxnummer.<\/li>\n<li>Ihre Interessen im Zusammenhang mit der Nutzung unserer Website: die Art und Weise, wie Sie unsere Website nutzen, welche Gruppe von Artikeln \/ Dienstleistungen in Ihrem Interessenbereich liegt.<\/li>\n<li>Fotos und Videos: Wir k\u00f6nnen Gesch\u00e4ftspr\u00e4sentationen und Bankette begleiten, indem wir Fotos oder Videos aufnehmen, die wir sp\u00e4ter auf der<\/li>\n<li>Website der Villa Edl Elegant und in sozialen Netzwerken ver\u00f6ffentlichen.<\/li>\n<li>Kundeninformationen: angeforderte Angebote, Informationen zum Kauf von Artikeln.<\/li>\n<\/ul>\n<p>Wir erfassen personenbezogene Daten \u00fcber Sie, wenn Sie den Newsletter abonnieren, Materialien herunterladen oder eine E-Mail senden.<\/p>\n<p>Mit Hilfe von Cookies werden Daten \u00fcber die Nutzung der Website erhoben.<\/p>\n<p><a href=\"\/#gdpr_cookie_modal\">Cookie-Einstellungen<\/a><\/p>\n<p>&nbsp;<\/p>\n<p>Wie werden wir Informationen \u00fcber Sie verwenden?<\/p>\n<p>Wir erfassen Informationen \u00fcber Sie, um Ihnen einen Newsletter, Veranstaltungseinladungen zuzusenden, um Sie per E-Mail \u00fcber Produkte und Dienstleistungen zu informieren, von denen wir glauben, dass sie f\u00fcr Sie von Interesse sein k\u00f6nnten. Wir erheben auch Verkehrsstatistiken, um unsere Website zu optimieren. Villa Edl Elegant wird Ihre Marketinginformationen oder andere Zwecke nicht an andere Unternehmen weitergeben. Wir werden Ihre personenbezogenen Daten in keiner Weise verarbeiten, die nicht in dieser Datenschutzerkl\u00e4rung beschrieben ist. Wir werden Ihre personenbezogenen Daten in angemessener und relevanter Weise verarbeiten und unter Ber\u00fccksichtigung des Zwecks, f\u00fcr den die Daten verwendet werden, auf das Notwendige beschr\u00e4nken. Bei der Verarbeitung nutzen wir die besten verf\u00fcgbaren technischen M\u00f6glichkeiten zum Datenschutz und zur Verschl\u00fcsselung.<\/p>\n<p>Ihre personenbezogenen Daten werden nur zu dem angegebenen Zweck verarbeitet.<\/p>\n<p>&nbsp;<\/p>\n<p><strong>Marketing<\/strong><\/p>\n<p>Wir m\u00f6chten Informationen \u00fcber unsere Produkte und Dienstleistungen versenden. Wenn Sie Ihre Zustimmung zum Erhalt von Marketingmaterialien gegeben haben, k\u00f6nnen Sie diese sp\u00e4ter widerrufen.<\/p>\n<p>&nbsp;<\/p>\n<p><strong>Datenbank<\/strong><\/p>\n<p>Villa Edl Elegant speichert Ihre Daten im System der Website zum Versand von Werbematerial, wenn Sie den Newsletter abonniert haben.<\/p>\n<p>&nbsp;<\/p>\n<p><strong>Andere Websites<\/strong><\/p>\n<p>Unsere Website enth\u00e4lt Links zu anderen Websites. Diese Datenschutzrichtlinien gelten nur f\u00fcr die Villa Edl Elegant-Website. Wenn Sie also andere Websites besuchen, sollten Sie deren Datenschutzrichtlinien lesen.<\/p>\n<p>Zugriff auf Ihre Informationen, \u00c4nderungen und andere Rechte<\/p>\n<p>Sie haben das Recht, eine Kopie der von uns \u00fcber Sie gespeicherten Informationen anzufordern. Wenn Sie eine Kopie Ihrer pers\u00f6nlichen Daten w\u00fcnschen, kontaktieren Sie uns bitte per E-Mail unter info@villa-edl.com.<\/p>\n<p>Wir m\u00f6chten sicherstellen, dass Ihre personenbezogenen Daten richtig und aktuell sind. Daher k\u00f6nnen Sie uns auffordern, falsche Informationen zu korrigieren oder zu entfernen. Sie k\u00f6nnen auch verlangen, dass wir alle Ihre personenbezogenen Daten, die wir speichern, l\u00f6schen.<\/p>\n<p>&nbsp;<\/p>\n<p><strong>Rechte bez\u00fcglich personenbezogener Daten<\/strong><\/p>\n<p>Die Datenschutz-Grundverordnung (DSGVO) ist eine Verordnung der Europ\u00e4ischen Union, die Ihre personenbezogenen Daten sch\u00fctzt und verlangt, dass diese unter strengen Auflagen gesetzeskonform zu einem berechtigten Zweck erhoben werden. Die Personen oder Organisationen, die Ihre personenbezogenen Daten erheben und verwalten, m\u00fcssen diese vor Missbrauch sch\u00fctzen und bestimmte durch das EU-Recht garantierte Rechte der Dateneigent\u00fcmer respektieren. In Anbetracht der Ernsthaftigkeit der Verordnung garantiert Villa Edl Elegant seinen Besuchern und Kunden alle Rechte gem\u00e4\u00df der DSGVO-Verordnung, n\u00e4mlich: das Recht auf Zugang, das Recht auf Berichtigung, das Recht auf Vergessen, das Recht auf Einschr\u00e4nkung der Verarbeitung, das Recht auf \u00dcbertragbarkeit , das Recht auf Widerspruch, das Recht, der automatisierten Verarbeitung personenbezogener Daten nicht zu unterliegen, das Recht auf Beschwerde und das Recht auf Entsch\u00e4digung.<\/p>\n<p>Wenn Sie eines dieser Rechte aus\u00fcben, \u00fcberpr\u00fcfen wir die G\u00fcltigkeit Ihres Rechts und beantworten jede Anfrage unverz\u00fcglich, sp\u00e4testens jedoch innerhalb von drei\u00dfig Tagen. In komplexen F\u00e4llen oder bei vielen eingehenden Anfragen kann diese Frist um weitere sechzig Tage verl\u00e4ngert werden, wor\u00fcber wir Sie informieren.[\/vc_column_text][cms_space space_lg=&#8221;15&#8243; space_md=&#8221;15&#8243; space_sm=&#8221;15&#8243; space_xs=&#8221;15&#8243;][\/vc_column][\/vc_row]<\/p>\n","protected":false},"excerpt":{"rendered":"<p>[vc_row][vc_column][cms_space space_lg=&#8221;45&#8243; space_md=&#8221;45&#8243; space_sm=&#8221;20&#8243; space_xs=&#8221;20&#8243;][vc_column_text]Der Schutz der Privatsph\u00e4re unserer Besucher ist eine unserer Priorit\u00e4ten. Wir laden Sie daher ein, die unten angegebene Datenschutzerkl\u00e4rung zu lesen. Welche Daten werden erhoben? &nbsp; Durchsuchen von Daten Bei der Nutzung \u00fcbernehmen Informations- und Kommunikationssysteme sowie Softwareverfahren zur Verwaltung der Website einige personenbezogene Daten, deren \u00dcbermittlung die Grundlage f\u00fcr die [&hellip;]<\/p>\n","protected":false},"author":1,"featured_media":0,"parent":0,"menu_order":0,"comment_status":"closed","ping_status":"closed","template":"","meta":{"footnotes":""},"class_list":["post-3170","page","type-page","status-publish","hentry"],"_links":{"self":[{"href":"https:\/\/villa-edl.com\/de\/wp-json\/wp\/v2\/pages\/3170","targetHints":{"allow":["GET"]}}],"collection":[{"href":"https:\/\/villa-edl.com\/de\/wp-json\/wp\/v2\/pages"}],"about":[{"href":"https:\/\/villa-edl.com\/de\/wp-json\/wp\/v2\/types\/page"}],"author":[{"embeddable":true,"href":"https:\/\/villa-edl.com\/de\/wp-json\/wp\/v2\/users\/1"}],"replies":[{"embeddable":true,"href":"https:\/\/villa-edl.com\/de\/wp-json\/wp\/v2\/comments?post=3170"}],"version-history":[{"count":3,"href":"https:\/\/villa-edl.com\/de\/wp-json\/wp\/v2\/pages\/3170\/revisions"}],"predecessor-version":[{"id":3174,"href":"https:\/\/villa-edl.com\/de\/wp-json\/wp\/v2\/pages\/3170\/revisions\/3174"}],"wp:attachment":[{"href":"https:\/\/villa-edl.com\/de\/wp-json\/wp\/v2\/media?parent=3170"}],"curies":[{"name":"wp","href":"https:\/\/api.w.org\/{rel}","templated":true}]}}