{"id":3027,"date":"2021-10-04T09:10:37","date_gmt":"2021-10-04T07:10:37","guid":{"rendered":"https:\/\/villa-edl.com\/?page_id=3027"},"modified":"2021-10-27T10:10:53","modified_gmt":"2021-10-27T08:10:53","slug":"umfeld","status":"publish","type":"page","link":"https:\/\/villa-edl.com\/de\/umfeld\/","title":{"rendered":"Umfeld"},"content":{"rendered":"<p>[vc_row][vc_column][cms_space space_lg=&#8221;45&#8243; space_md=&#8221;45&#8243; space_sm=&#8221;25&#8243; space_xs=&#8221;25&#8243;][vc_row_inner content_placement=&#8221;middle&#8221;][vc_column_inner][cms_heading text=&#8221;Aktivurlaub und Besuch interessanter Orte in der N\u00e4he&#8221; tag=&#8221;div&#8221; align_lg=&#8221;align-center&#8221; align_md=&#8221;align-center-md&#8221; align_sm=&#8221;align-center-sm&#8221; align_xs=&#8221;align-center-xs&#8221; font_weight=&#8221;700&#8243; text_transform=&#8221;uppercase&#8221; letter_spacing=&#8221;0.2em&#8221; text_color=&#8221;#565656&#8243; cms_template=&#8221;cms_heading.php&#8221; margin_bottom=&#8221;13px&#8221;][\/vc_column_inner][\/vc_row_inner][cms_space space_lg=&#8221;15&#8243; space_md=&#8221;15&#8243; space_sm=&#8221;15&#8243; space_xs=&#8221;15&#8243;][vc_row_inner equal_height=&#8221;yes&#8221; content_placement=&#8221;middle&#8221; el_class=&#8221;prvi-red&#8221;][vc_column_inner width=&#8221;1\/2&#8243;][vc_column_text]<strong>Aljma\u0161<\/strong> Berg geh\u00f6rt zum Dorf Aljma\u0161, dem ber\u00fchmten Heiligtum der Jungfrau Maria zu dem jedes Jahr Zehntausende von Gl\u00e4ubigen pilgern.In der N\u00e4he des Zusammentlusses von Drau und Donau gelegen hat Aljma\u0161 auch einen gut entwickelten l\u00e4ndlichen, Jagd und Fischereitourismus.<\/p>\n<p>Hier k\u00f6nnen Sie Spitzenweine verkosten und die Spezialit\u00e4ten der lokalen Koche probieren , anschliessend auf dem \u00d6kologischen Lehrpfad Pori nach Erdut wandern.Es handelt sich um einen 12 Kilometer langen Wanderweg, der entlang der Donau durch die wundersch\u00f6ne\u00a0 Natur\u00a0 f\u00fchrt und diese\u00a0 beiden Orte verbindet.<\/p>\n<p>Fans von Aktivurlaub werden auch davon interessiert sein, dass der Donauradweg (EV 6) durch Aljma\u0161 f\u00fchrt und\u00a0 10 europ\u00e4ische L\u00e4nder, 4 UNESCO- St\u00e4tten und 6 europ\u00e4ische Fl\u00fcsse verbindet.[\/vc_column_text][\/vc_column_inner][vc_column_inner width=&#8221;1\/2&#8243;][vc_single_image image=&#8221;3017&#8243; img_size=&#8221;full&#8221; add_caption=&#8221;yes&#8221; alignment=&#8221;center&#8221;][\/vc_column_inner][\/vc_row_inner][vc_row_inner equal_height=&#8221;yes&#8221; content_placement=&#8221;middle&#8221; el_class=&#8221;drugi-red&#8221;][vc_column_inner width=&#8221;1\/2&#8243;][vc_single_image image=&#8221;2852&#8243; img_size=&#8221;full&#8221; add_caption=&#8221;yes&#8221; alignment=&#8221;center&#8221;][\/vc_column_inner][vc_column_inner width=&#8221;1\/2&#8243;][vc_column_text]Besuchen Sie auch Orte ausserhalb der Region <strong>Erdut<\/strong> zb. Osijek, Vukovar, Vinkovci und \u0110akovo. Erdut, an drei Seiten von der Donau umgeben, verzaubert mit seinen wundersch\u00f6nen Landschaften, fruchtbaren Weinbergen und Obstg\u00e4rten. Besuchen Sie unbedingt die Burg Adamovic-Cseh und den mittelalterlichen Erdut-Turm.[\/vc_column_text][\/vc_column_inner][\/vc_row_inner][vc_row_inner equal_height=&#8221;yes&#8221; content_placement=&#8221;middle&#8221; el_class=&#8221;treci-red&#8221;][vc_column_inner width=&#8221;1\/2&#8243;][vc_column_text]<strong>Osijek<\/strong> (25 km von Aljma\u0161) wird sie mit seinen sch\u00f6nen Parks,der Promenade entlang der Drau , den Jugendstilger\u00e4uden an der Europa strasse\u00a0 und der Festung begeistern, welche viele\u00a0 interessante und historische Geschichten verbirgt.<\/p>\n<p>In der N\u00e4he von Osijek befindet sich\u00a0 der Naturpark Kopacki rit, einer der\u00a0 wichtigsten Sumpfgebite Europas, Picknikhaus in der Natur Zlatna Greda , ein grossartiger Ort f\u00fcr Naturliebhaber, Adrenalin und gutes Essen.[\/vc_column_text][\/vc_column_inner][vc_column_inner width=&#8221;1\/2&#8243;][vc_single_image image=&#8221;2855&#8243; img_size=&#8221;full&#8221; add_caption=&#8221;yes&#8221; alignment=&#8221;center&#8221;][\/vc_column_inner][\/vc_row_inner][vc_row_inner equal_height=&#8221;yes&#8221; content_placement=&#8221;middle&#8221; el_class=&#8221;cetvrti-red&#8221;][vc_column_inner width=&#8221;1\/2&#8243;][vc_single_image image=&#8221;2861&#8243; img_size=&#8221;full&#8221; add_caption=&#8221;yes&#8221; alignment=&#8221;center&#8221;][\/vc_column_inner][vc_column_inner width=&#8221;1\/2&#8243;][vc_column_text]In <strong>Vukovar<\/strong> (35 km von Aljma\u0161) eine von schwierigen historischen Ereignissen gepr\u00e4gten Heldenstadt. Sie k\u00f6nnen Gedenkst\u00e4tten besuchen( Ov\u010dara Memorial Home, Memorial Cemetery f\u00fcr Homeland War viltims,Gedenkst\u00e4tte-Vukovar Hospital 1991. Zentrales Kreutz am Zusammenfluss der Vukia und Donau). Besuchen Sie\u00a0 auch Kulturmuseum Vucedol, die Burg Eltz in den sich das Stadtmuseum Vukovar befindet.<\/p>\n<p>Spazieren Sie durch den Park Wald Adria oder fahren sie mit dem Wasserbus Vukovar auf der Donau.[\/vc_column_text][\/vc_column_inner][\/vc_row_inner][vc_row_inner equal_height=&#8221;yes&#8221; content_placement=&#8221;middle&#8221; el_class=&#8221;peti-red&#8221;][vc_column_inner width=&#8221;1\/2&#8243;][vc_column_text]Verpassen Sie nicht <strong>Vinkovci<\/strong> (38 km von Aljma\u0161), die \u00e4lteste st\u00e4dtische Siedlung Europas, in der die\u00a0 Menschen seit mehr als 8000 Jahren ununterbrochen leben! Die Stadt am Bosut hat eine unglaublich reiche Geschichte.<\/p>\n<p>Besuchen Sie unbendingt das Stadtmuseum Vinkovci, welches sich im Stadtzentrum befindet. Nach dem Museum sollten Sie unbedingt die Promenade entlang spazieren die mit Motiven des Orion, des \u00e4ltesten europ\u00e4ischen Kalenders verziert ist![\/vc_column_text][\/vc_column_inner][vc_column_inner width=&#8221;1\/2&#8243;][vc_single_image image=&#8221;3020&#8243; img_size=&#8221;full&#8221; add_caption=&#8221;yes&#8221; alignment=&#8221;center&#8221;][\/vc_column_inner][\/vc_row_inner][vc_row_inner equal_height=&#8221;yes&#8221; content_placement=&#8221;middle&#8221; el_class=&#8221;sesti-red&#8221;][vc_column_inner width=&#8221;1\/2&#8243;][vc_single_image image=&#8221;2864&#8243; img_size=&#8221;full&#8221; add_caption=&#8221;yes&#8221; alignment=&#8221;center&#8221;][\/vc_column_inner][vc_column_inner width=&#8221;1\/2&#8243;][vc_column_text]In <strong>\u0110akovo<\/strong> (66 km von Aljma\u0161) besuchen Sie den Petersdom, den gr\u00f6sten und einen\u00a0 der sch\u00f6nsten Sakralbauten\u00a0 Slawoniens. In diesen Stadtbefindet sich den ber\u00fcchtile Staatliche Lipizzanerstall Pastuharna befindet sich im Stadtzentrum, w\u00e4hrend Ivandvor, der zweite Standort des Stalls,in dem sich die Zucht stutenherde mit jungen Fohlen, befindet In der N\u00e4he der Stadt liegt.[\/vc_column_text][\/vc_column_inner][\/vc_row_inner][\/vc_column][\/vc_row][vc_row full_width=&#8221;stretch_row&#8221; css=&#8221;.vc_custom_1626082892843{background-color: #c5c7ab !important;}&#8221;][vc_column css_animation=&#8221;fadeInUp&#8221; css=&#8221;.vc_custom_1626082956198{padding-bottom: 35px !important;}&#8221;][cms_heading text=&#8221;Alles, was Sie f\u00fcr eine vollkommene Erholung von Geist, Seele und K\u00f6rper brauchen&#8221; tag=&#8221;div&#8221; font_size=&#8221;30px&#8221; font_size_md=&#8221;30px&#8221; font_size_sm=&#8221;10px&#8221; font_size_xs=&#8221;10px&#8221; line_height_xs=&#8221;15px&#8221; font_weight=&#8221;600&#8243; text_color=&#8221;#ffffff&#8221; custom_fonts=&#8221;true&#8221; google_fonts=&#8221;font_family:Montserrat%3Aregular%2C700|font_style:700%20bold%20regular%3A700%3Anormal&#8221; sub_font_size=&#8221;20px&#8221; sub_color=&#8221;#ffffff&#8221; sub_font_weight=&#8221;500&#8243; sub_text_transform=&#8221;uppercase&#8221; cms_template=&#8221;cms_heading&#8211;layout2.php&#8221; animation=&#8221;pulse&#8221;][cms_space space_lg=&#8221;17&#8243; space_md=&#8221;17&#8243; space_sm=&#8221;20&#8243; space_xs=&#8221;20&#8243;][cms_button button_text=&#8221;Buchen Sie Ihren Urlaub&#8221; button_link=&#8221;url:https%3A%2F%2Fwww.booking.com%2Fhotel%2Fhr%2Fvillaedlelegant.hr.html|target:_blank&#8221; button_color=&#8221;#ffffff&#8221; border_color=&#8221;#c5a46d&#8221; bg_button_color=&#8221;#c5a46d&#8221; bg_color_hover=&#8221;#222222&#8243; font_weight=&#8221;500&#8243; button_align=&#8221;center&#8221; button_align_md=&#8221;center&#8221; button_align_sm=&#8221;center&#8221; button_align_xs=&#8221;center&#8221;][cms_space space_lg=&#8221;17&#8243; space_md=&#8221;17&#8243; space_sm=&#8221;20&#8243; space_xs=&#8221;20&#8243;][\/vc_column][\/vc_row]<\/p>\n","protected":false},"excerpt":{"rendered":"<p>[vc_row][vc_column][cms_space space_lg=&#8221;45&#8243; space_md=&#8221;45&#8243; space_sm=&#8221;25&#8243; space_xs=&#8221;25&#8243;][vc_row_inner content_placement=&#8221;middle&#8221;][vc_column_inner][cms_heading text=&#8221;Aktivurlaub und Besuch interessanter Orte in der N\u00e4he&#8221; tag=&#8221;div&#8221; align_lg=&#8221;align-center&#8221; align_md=&#8221;align-center-md&#8221; align_sm=&#8221;align-center-sm&#8221; align_xs=&#8221;align-center-xs&#8221; font_weight=&#8221;700&#8243; text_transform=&#8221;uppercase&#8221; letter_spacing=&#8221;0.2em&#8221; text_color=&#8221;#565656&#8243; cms_template=&#8221;cms_heading.php&#8221; margin_bottom=&#8221;13px&#8221;][\/vc_column_inner][\/vc_row_inner][cms_space space_lg=&#8221;15&#8243; space_md=&#8221;15&#8243; space_sm=&#8221;15&#8243; space_xs=&#8221;15&#8243;][vc_row_inner equal_height=&#8221;yes&#8221; content_placement=&#8221;middle&#8221; el_class=&#8221;prvi-red&#8221;][vc_column_inner width=&#8221;1\/2&#8243;][vc_column_text]Aljma\u0161 Berg geh\u00f6rt zum Dorf Aljma\u0161, dem ber\u00fchmten Heiligtum der Jungfrau Maria zu dem jedes Jahr Zehntausende von Gl\u00e4ubigen pilgern.In der N\u00e4he des [&hellip;]<\/p>\n","protected":false},"author":1,"featured_media":0,"parent":0,"menu_order":0,"comment_status":"closed","ping_status":"closed","template":"","meta":{"footnotes":""},"class_list":["post-3027","page","type-page","status-publish","hentry"],"_links":{"self":[{"href":"https:\/\/villa-edl.com\/de\/wp-json\/wp\/v2\/pages\/3027","targetHints":{"allow":["GET"]}}],"collection":[{"href":"https:\/\/villa-edl.com\/de\/wp-json\/wp\/v2\/pages"}],"about":[{"href":"https:\/\/villa-edl.com\/de\/wp-json\/wp\/v2\/types\/page"}],"author":[{"embeddable":true,"href":"https:\/\/villa-edl.com\/de\/wp-json\/wp\/v2\/users\/1"}],"replies":[{"embeddable":true,"href":"https:\/\/villa-edl.com\/de\/wp-json\/wp\/v2\/comments?post=3027"}],"version-history":[{"count":8,"href":"https:\/\/villa-edl.com\/de\/wp-json\/wp\/v2\/pages\/3027\/revisions"}],"predecessor-version":[{"id":3187,"href":"https:\/\/villa-edl.com\/de\/wp-json\/wp\/v2\/pages\/3027\/revisions\/3187"}],"wp:attachment":[{"href":"https:\/\/villa-edl.com\/de\/wp-json\/wp\/v2\/media?parent=3027"}],"curies":[{"name":"wp","href":"https:\/\/api.w.org\/{rel}","templated":true}]}}